{"id":248505,"date":"2025-10-21T15:45:13","date_gmt":"2025-10-21T15:45:13","guid":{"rendered":"https:\/\/godivingkohtao.com\/bautismo-de-buceo\/"},"modified":"2025-11-27T18:42:32","modified_gmt":"2025-11-27T18:42:32","slug":"bautismo-de-buceo","status":"publish","type":"page","link":"https:\/\/godivingkohtao.com\/es\/cursos-de-buceo\/bautismo-de-buceo\/","title":{"rendered":"Bautismo de buceo"},"content":{"rendered":"","protected":false},"excerpt":{"rendered":"<p>Prueba a bucear por primera vez en bah\u00edas tranquilas y poco profundas y disfruta de una introducci\u00f3n relajada a la respiraci\u00f3n bajo el agua con tu instructor cerca.<\/p>\n","protected":false},"author":1,"featured_media":248504,"parent":248548,"menu_order":0,"comment_status":"closed","ping_status":"closed","template":"","meta":{"_acf_changed":false,"footnotes":""},"class_list":["post-248505","page","type-page","status-publish","has-post-thumbnail","hentry"],"acf":[],"_links":{"self":[{"href":"https:\/\/godivingkohtao.com\/es\/wp-json\/wp\/v2\/pages\/248505","targetHints":{"allow":["GET"]}}],"collection":[{"href":"https:\/\/godivingkohtao.com\/es\/wp-json\/wp\/v2\/pages"}],"about":[{"href":"https:\/\/godivingkohtao.com\/es\/wp-json\/wp\/v2\/types\/page"}],"author":[{"embeddable":true,"href":"https:\/\/godivingkohtao.com\/es\/wp-json\/wp\/v2\/users\/1"}],"replies":[{"embeddable":true,"href":"https:\/\/godivingkohtao.com\/es\/wp-json\/wp\/v2\/comments?post=248505"}],"version-history":[{"count":1,"href":"https:\/\/godivingkohtao.com\/es\/wp-json\/wp\/v2\/pages\/248505\/revisions"}],"predecessor-version":[{"id":248549,"href":"https:\/\/godivingkohtao.com\/es\/wp-json\/wp\/v2\/pages\/248505\/revisions\/248549"}],"up":[{"embeddable":true,"href":"https:\/\/godivingkohtao.com\/es\/wp-json\/wp\/v2\/pages\/248548"}],"wp:featuredmedia":[{"embeddable":true,"href":"https:\/\/godivingkohtao.com\/es\/wp-json\/wp\/v2\/media\/248504"}],"wp:attachment":[{"href":"https:\/\/godivingkohtao.com\/es\/wp-json\/wp\/v2\/media?parent=248505"}],"curies":[{"name":"wp","href":"https:\/\/api.w.org\/{rel}","templated":true}]}}