{"id":248563,"date":"2025-10-29T20:01:23","date_gmt":"2025-10-29T20:01:23","guid":{"rendered":"https:\/\/godivingkohtao.com\/cursos-de-apnea\/bautismo-de-apnea-aida-1\/"},"modified":"2025-10-29T20:01:23","modified_gmt":"2025-10-29T20:01:23","slug":"bautismo-de-apnea-aida-1","status":"publish","type":"page","link":"https:\/\/godivingkohtao.com\/es\/cursos-de-apnea\/bautismo-de-apnea-aida-1\/","title":{"rendered":"Bautismo de apnea\/AIDA 1"},"content":{"rendered":"","protected":false},"excerpt":{"rendered":"<p>Descubre el buceo en apnea de forma segura, aprendiendo relajaci\u00f3n, t\u00e9cnicas b\u00e1sicas y compensaci\u00f3n antes de explorar el agua azul de Koh Tao en una l\u00ednea de entrenamiento.<\/p>\n","protected":false},"author":1,"featured_media":248561,"parent":248556,"menu_order":0,"comment_status":"closed","ping_status":"closed","template":"","meta":{"_acf_changed":false,"footnotes":""},"class_list":["post-248563","page","type-page","status-publish","has-post-thumbnail","hentry"],"acf":[],"_links":{"self":[{"href":"https:\/\/godivingkohtao.com\/es\/wp-json\/wp\/v2\/pages\/248563","targetHints":{"allow":["GET"]}}],"collection":[{"href":"https:\/\/godivingkohtao.com\/es\/wp-json\/wp\/v2\/pages"}],"about":[{"href":"https:\/\/godivingkohtao.com\/es\/wp-json\/wp\/v2\/types\/page"}],"author":[{"embeddable":true,"href":"https:\/\/godivingkohtao.com\/es\/wp-json\/wp\/v2\/users\/1"}],"replies":[{"embeddable":true,"href":"https:\/\/godivingkohtao.com\/es\/wp-json\/wp\/v2\/comments?post=248563"}],"version-history":[{"count":0,"href":"https:\/\/godivingkohtao.com\/es\/wp-json\/wp\/v2\/pages\/248563\/revisions"}],"up":[{"embeddable":true,"href":"https:\/\/godivingkohtao.com\/es\/wp-json\/wp\/v2\/pages\/248556"}],"wp:featuredmedia":[{"embeddable":true,"href":"https:\/\/godivingkohtao.com\/es\/wp-json\/wp\/v2\/media\/248561"}],"wp:attachment":[{"href":"https:\/\/godivingkohtao.com\/es\/wp-json\/wp\/v2\/media?parent=248563"}],"curies":[{"name":"wp","href":"https:\/\/api.w.org\/{rel}","templated":true}]}}