{"id":248574,"date":"2025-10-24T19:26:53","date_gmt":"2025-10-24T19:26:53","guid":{"rendered":"https:\/\/godivingkohtao.com\/cursos-de-apnea\/ssi-nivel-2-aida-3\/"},"modified":"2025-10-24T19:26:53","modified_gmt":"2025-10-24T19:26:53","slug":"ssi-nivel-2-aida-3","status":"publish","type":"page","link":"https:\/\/godivingkohtao.com\/es\/cursos-de-apnea\/ssi-nivel-2-aida-3\/","title":{"rendered":"SSI Nivel 2\/AIDA 3"},"content":{"rendered":"","protected":false},"excerpt":{"rendered":"<p>Para apne\u00edstas experimentados listos para profundizar, refinar la t\u00e9cnica, optimizar y ecualizar manteniendo h\u00e1bitos de seguridad s\u00f3lidos en cada inmersi\u00f3n.<\/p>\n","protected":false},"author":2,"featured_media":248573,"parent":248556,"menu_order":0,"comment_status":"closed","ping_status":"closed","template":"","meta":{"_acf_changed":false,"footnotes":""},"class_list":["post-248574","page","type-page","status-publish","has-post-thumbnail","hentry"],"acf":[],"_links":{"self":[{"href":"https:\/\/godivingkohtao.com\/es\/wp-json\/wp\/v2\/pages\/248574","targetHints":{"allow":["GET"]}}],"collection":[{"href":"https:\/\/godivingkohtao.com\/es\/wp-json\/wp\/v2\/pages"}],"about":[{"href":"https:\/\/godivingkohtao.com\/es\/wp-json\/wp\/v2\/types\/page"}],"author":[{"embeddable":true,"href":"https:\/\/godivingkohtao.com\/es\/wp-json\/wp\/v2\/users\/2"}],"replies":[{"embeddable":true,"href":"https:\/\/godivingkohtao.com\/es\/wp-json\/wp\/v2\/comments?post=248574"}],"version-history":[{"count":0,"href":"https:\/\/godivingkohtao.com\/es\/wp-json\/wp\/v2\/pages\/248574\/revisions"}],"up":[{"embeddable":true,"href":"https:\/\/godivingkohtao.com\/es\/wp-json\/wp\/v2\/pages\/248556"}],"wp:featuredmedia":[{"embeddable":true,"href":"https:\/\/godivingkohtao.com\/es\/wp-json\/wp\/v2\/media\/248573"}],"wp:attachment":[{"href":"https:\/\/godivingkohtao.com\/es\/wp-json\/wp\/v2\/media?parent=248574"}],"curies":[{"name":"wp","href":"https:\/\/api.w.org\/{rel}","templated":true}]}}