{"id":248580,"date":"2025-10-28T18:53:37","date_gmt":"2025-10-28T18:53:37","guid":{"rendered":"https:\/\/godivingkohtao.com\/cursos-de-apnea\/sesion-de-entrenamiento\/"},"modified":"2025-10-28T18:53:37","modified_gmt":"2025-10-28T18:53:37","slug":"sesion-de-entrenamiento","status":"publish","type":"page","link":"https:\/\/godivingkohtao.com\/es\/cursos-de-apnea\/sesion-de-entrenamiento\/","title":{"rendered":"Sesi\u00f3n de entrenamiento"},"content":{"rendered":"","protected":false},"excerpt":{"rendered":"<p>\u00danete a una sesi\u00f3n con entrenador para trabajar en objetivos personales de apnea, desde relajaci\u00f3n y aleteo hasta inmersiones en pato, ca\u00edda libre y ejercicios de compensaci\u00f3n.<\/p>\n","protected":false},"author":2,"featured_media":248579,"parent":248556,"menu_order":0,"comment_status":"closed","ping_status":"closed","template":"","meta":{"_acf_changed":false,"footnotes":""},"class_list":["post-248580","page","type-page","status-publish","has-post-thumbnail","hentry"],"acf":[],"_links":{"self":[{"href":"https:\/\/godivingkohtao.com\/es\/wp-json\/wp\/v2\/pages\/248580","targetHints":{"allow":["GET"]}}],"collection":[{"href":"https:\/\/godivingkohtao.com\/es\/wp-json\/wp\/v2\/pages"}],"about":[{"href":"https:\/\/godivingkohtao.com\/es\/wp-json\/wp\/v2\/types\/page"}],"author":[{"embeddable":true,"href":"https:\/\/godivingkohtao.com\/es\/wp-json\/wp\/v2\/users\/2"}],"replies":[{"embeddable":true,"href":"https:\/\/godivingkohtao.com\/es\/wp-json\/wp\/v2\/comments?post=248580"}],"version-history":[{"count":0,"href":"https:\/\/godivingkohtao.com\/es\/wp-json\/wp\/v2\/pages\/248580\/revisions"}],"up":[{"embeddable":true,"href":"https:\/\/godivingkohtao.com\/es\/wp-json\/wp\/v2\/pages\/248556"}],"wp:featuredmedia":[{"embeddable":true,"href":"https:\/\/godivingkohtao.com\/es\/wp-json\/wp\/v2\/media\/248579"}],"wp:attachment":[{"href":"https:\/\/godivingkohtao.com\/es\/wp-json\/wp\/v2\/media?parent=248580"}],"curies":[{"name":"wp","href":"https:\/\/api.w.org\/{rel}","templated":true}]}}