{"id":248597,"date":"2025-10-24T22:23:15","date_gmt":"2025-10-24T22:23:15","guid":{"rendered":"https:\/\/godivingkohtao.com\/cursos-de-buceo\/aventura-profunda-inmersion-recreativa\/"},"modified":"2025-10-24T22:23:15","modified_gmt":"2025-10-24T22:23:15","slug":"aventura-profunda-inmersion-recreativa","status":"publish","type":"page","link":"https:\/\/godivingkohtao.com\/es\/cursos-de-buceo\/aventura-profunda-inmersion-recreativa\/","title":{"rendered":"Aventura Profunda + Inmersi\u00f3n Recreativa"},"content":{"rendered":"","protected":false},"excerpt":{"rendered":"<p>Combina una inmersi\u00f3n de entrenamiento profundo con inmersiones divertidas guiadas y relajadas, a\u00f1adiendo experiencia extra en profundidad sin perder el d\u00eda relajado y agradable en el barco.<\/p>\n","protected":false},"author":2,"featured_media":248595,"parent":248548,"menu_order":0,"comment_status":"closed","ping_status":"closed","template":"","meta":{"_acf_changed":false,"footnotes":""},"class_list":["post-248597","page","type-page","status-publish","has-post-thumbnail","hentry"],"acf":[],"_links":{"self":[{"href":"https:\/\/godivingkohtao.com\/es\/wp-json\/wp\/v2\/pages\/248597","targetHints":{"allow":["GET"]}}],"collection":[{"href":"https:\/\/godivingkohtao.com\/es\/wp-json\/wp\/v2\/pages"}],"about":[{"href":"https:\/\/godivingkohtao.com\/es\/wp-json\/wp\/v2\/types\/page"}],"author":[{"embeddable":true,"href":"https:\/\/godivingkohtao.com\/es\/wp-json\/wp\/v2\/users\/2"}],"replies":[{"embeddable":true,"href":"https:\/\/godivingkohtao.com\/es\/wp-json\/wp\/v2\/comments?post=248597"}],"version-history":[{"count":0,"href":"https:\/\/godivingkohtao.com\/es\/wp-json\/wp\/v2\/pages\/248597\/revisions"}],"up":[{"embeddable":true,"href":"https:\/\/godivingkohtao.com\/es\/wp-json\/wp\/v2\/pages\/248548"}],"wp:featuredmedia":[{"embeddable":true,"href":"https:\/\/godivingkohtao.com\/es\/wp-json\/wp\/v2\/media\/248595"}],"wp:attachment":[{"href":"https:\/\/godivingkohtao.com\/es\/wp-json\/wp\/v2\/media?parent=248597"}],"curies":[{"name":"wp","href":"https:\/\/api.w.org\/{rel}","templated":true}]}}