{"id":248601,"date":"2025-10-24T16:57:50","date_gmt":"2025-10-24T16:57:50","guid":{"rendered":"https:\/\/godivingkohtao.com\/cursos-de-buceo\/divemaster\/"},"modified":"2025-10-24T16:57:50","modified_gmt":"2025-10-24T16:57:50","slug":"divemaster","status":"publish","type":"page","link":"https:\/\/godivingkohtao.com\/es\/cursos-de-buceo\/divemaster\/","title":{"rendered":"Divemaster"},"content":{"rendered":"","protected":false},"excerpt":{"rendered":"<p>Convierte tu pasi\u00f3n en una profesi\u00f3n con nuestro completo programa de Divemaster, adquiriendo experiencia en liderazgo, conocimientos de teor\u00eda del buceo y pr\u00e1ctica asistiendo a cursos reales.<\/p>\n","protected":false},"author":2,"featured_media":248510,"parent":248548,"menu_order":0,"comment_status":"closed","ping_status":"closed","template":"","meta":{"_acf_changed":false,"footnotes":""},"class_list":["post-248601","page","type-page","status-publish","has-post-thumbnail","hentry"],"acf":[],"_links":{"self":[{"href":"https:\/\/godivingkohtao.com\/es\/wp-json\/wp\/v2\/pages\/248601","targetHints":{"allow":["GET"]}}],"collection":[{"href":"https:\/\/godivingkohtao.com\/es\/wp-json\/wp\/v2\/pages"}],"about":[{"href":"https:\/\/godivingkohtao.com\/es\/wp-json\/wp\/v2\/types\/page"}],"author":[{"embeddable":true,"href":"https:\/\/godivingkohtao.com\/es\/wp-json\/wp\/v2\/users\/2"}],"replies":[{"embeddable":true,"href":"https:\/\/godivingkohtao.com\/es\/wp-json\/wp\/v2\/comments?post=248601"}],"version-history":[{"count":0,"href":"https:\/\/godivingkohtao.com\/es\/wp-json\/wp\/v2\/pages\/248601\/revisions"}],"up":[{"embeddable":true,"href":"https:\/\/godivingkohtao.com\/es\/wp-json\/wp\/v2\/pages\/248548"}],"wp:featuredmedia":[{"embeddable":true,"href":"https:\/\/godivingkohtao.com\/es\/wp-json\/wp\/v2\/media\/248510"}],"wp:attachment":[{"href":"https:\/\/godivingkohtao.com\/es\/wp-json\/wp\/v2\/media?parent=248601"}],"curies":[{"name":"wp","href":"https:\/\/api.w.org\/{rel}","templated":true}]}}