{"id":248605,"date":"2025-10-21T19:37:03","date_gmt":"2025-10-21T19:37:03","guid":{"rendered":"https:\/\/godivingkohtao.com\/cursos-de-buceo\/fun-dive\/"},"modified":"2025-10-21T19:37:03","modified_gmt":"2025-10-21T19:37:03","slug":"fun-dive","status":"publish","type":"page","link":"https:\/\/godivingkohtao.com\/es\/cursos-de-buceo\/fun-dive\/","title":{"rendered":"Fun Dive"},"content":{"rendered":"","protected":false},"excerpt":{"rendered":"<p>\u00bfYa est\u00e1s certificado? \u00danete a nuestros grupos reducidos para disfrutar de fun dives relajadas en los arrecifes y pin\u00e1culos de Koh Tao, con gu\u00edas experimentados que seleccionan los mejores puntos de inmersi\u00f3n. <\/p>\n","protected":false},"author":2,"featured_media":248604,"parent":248548,"menu_order":0,"comment_status":"closed","ping_status":"closed","template":"","meta":{"_acf_changed":false,"footnotes":""},"class_list":["post-248605","page","type-page","status-publish","has-post-thumbnail","hentry"],"acf":[],"_links":{"self":[{"href":"https:\/\/godivingkohtao.com\/es\/wp-json\/wp\/v2\/pages\/248605","targetHints":{"allow":["GET"]}}],"collection":[{"href":"https:\/\/godivingkohtao.com\/es\/wp-json\/wp\/v2\/pages"}],"about":[{"href":"https:\/\/godivingkohtao.com\/es\/wp-json\/wp\/v2\/types\/page"}],"author":[{"embeddable":true,"href":"https:\/\/godivingkohtao.com\/es\/wp-json\/wp\/v2\/users\/2"}],"replies":[{"embeddable":true,"href":"https:\/\/godivingkohtao.com\/es\/wp-json\/wp\/v2\/comments?post=248605"}],"version-history":[{"count":0,"href":"https:\/\/godivingkohtao.com\/es\/wp-json\/wp\/v2\/pages\/248605\/revisions"}],"up":[{"embeddable":true,"href":"https:\/\/godivingkohtao.com\/es\/wp-json\/wp\/v2\/pages\/248548"}],"wp:featuredmedia":[{"embeddable":true,"href":"https:\/\/godivingkohtao.com\/es\/wp-json\/wp\/v2\/media\/248604"}],"wp:attachment":[{"href":"https:\/\/godivingkohtao.com\/es\/wp-json\/wp\/v2\/media?parent=248605"}],"curies":[{"name":"wp","href":"https:\/\/api.w.org\/{rel}","templated":true}]}}