{"id":248607,"date":"2025-10-24T16:54:38","date_gmt":"2025-10-24T16:54:38","guid":{"rendered":"https:\/\/godivingkohtao.com\/cursos-de-buceo\/open-water\/"},"modified":"2025-10-24T16:54:38","modified_gmt":"2025-10-24T16:54:38","slug":"open-water","status":"publish","type":"page","link":"https:\/\/godivingkohtao.com\/es\/cursos-de-buceo\/open-water\/","title":{"rendered":"Open Water"},"content":{"rendered":"","protected":false},"excerpt":{"rendered":"<p>Nuestra certificaci\u00f3n completa de nivel inicial combina una teor\u00eda sencilla con cuatro inmersiones en el oc\u00e9ano, para que termines seguro, independiente y listo para explorar puntos de buceo en todo el mundo.<\/p>\n","protected":false},"author":2,"featured_media":248606,"parent":248548,"menu_order":0,"comment_status":"closed","ping_status":"closed","template":"","meta":{"_acf_changed":false,"footnotes":""},"class_list":["post-248607","page","type-page","status-publish","has-post-thumbnail","hentry"],"acf":[],"_links":{"self":[{"href":"https:\/\/godivingkohtao.com\/es\/wp-json\/wp\/v2\/pages\/248607","targetHints":{"allow":["GET"]}}],"collection":[{"href":"https:\/\/godivingkohtao.com\/es\/wp-json\/wp\/v2\/pages"}],"about":[{"href":"https:\/\/godivingkohtao.com\/es\/wp-json\/wp\/v2\/types\/page"}],"author":[{"embeddable":true,"href":"https:\/\/godivingkohtao.com\/es\/wp-json\/wp\/v2\/users\/2"}],"replies":[{"embeddable":true,"href":"https:\/\/godivingkohtao.com\/es\/wp-json\/wp\/v2\/comments?post=248607"}],"version-history":[{"count":0,"href":"https:\/\/godivingkohtao.com\/es\/wp-json\/wp\/v2\/pages\/248607\/revisions"}],"up":[{"embeddable":true,"href":"https:\/\/godivingkohtao.com\/es\/wp-json\/wp\/v2\/pages\/248548"}],"wp:featuredmedia":[{"embeddable":true,"href":"https:\/\/godivingkohtao.com\/es\/wp-json\/wp\/v2\/media\/248606"}],"wp:attachment":[{"href":"https:\/\/godivingkohtao.com\/es\/wp-json\/wp\/v2\/media?parent=248607"}],"curies":[{"name":"wp","href":"https:\/\/api.w.org\/{rel}","templated":true}]}}