{"id":248656,"date":"2025-10-24T19:26:53","date_gmt":"2025-10-24T19:26:53","guid":{"rendered":"https:\/\/godivingkohtao.com\/cours-dapnee\/ssi-level-2-aida-3\/"},"modified":"2025-10-24T19:26:53","modified_gmt":"2025-10-24T19:26:53","slug":"ssi-level-2-aida-3","status":"publish","type":"page","link":"https:\/\/godivingkohtao.com\/fr\/cours-dapnee\/ssi-level-2-aida-3\/","title":{"rendered":"SSI Level 2\/AIDA 3"},"content":{"rendered":"","protected":false},"excerpt":{"rendered":"<p>Pour les apn\u00e9istes exp\u00e9riment\u00e9s pr\u00eats \u00e0 descendre plus profond, affiner leur technique, am\u00e9liorer leur hydrodynamisme et perfectionner l\u2019\u00e9galisation tout en maintenant des habitudes de s\u00e9curit\u00e9 solides \u00e0 chaque plong\u00e9e.<\/p>\n","protected":false},"author":2,"featured_media":248655,"parent":248640,"menu_order":0,"comment_status":"closed","ping_status":"closed","template":"","meta":{"_acf_changed":false,"footnotes":""},"class_list":["post-248656","page","type-page","status-publish","has-post-thumbnail","hentry"],"acf":[],"_links":{"self":[{"href":"https:\/\/godivingkohtao.com\/fr\/wp-json\/wp\/v2\/pages\/248656","targetHints":{"allow":["GET"]}}],"collection":[{"href":"https:\/\/godivingkohtao.com\/fr\/wp-json\/wp\/v2\/pages"}],"about":[{"href":"https:\/\/godivingkohtao.com\/fr\/wp-json\/wp\/v2\/types\/page"}],"author":[{"embeddable":true,"href":"https:\/\/godivingkohtao.com\/fr\/wp-json\/wp\/v2\/users\/2"}],"replies":[{"embeddable":true,"href":"https:\/\/godivingkohtao.com\/fr\/wp-json\/wp\/v2\/comments?post=248656"}],"version-history":[{"count":0,"href":"https:\/\/godivingkohtao.com\/fr\/wp-json\/wp\/v2\/pages\/248656\/revisions"}],"up":[{"embeddable":true,"href":"https:\/\/godivingkohtao.com\/fr\/wp-json\/wp\/v2\/pages\/248640"}],"wp:featuredmedia":[{"embeddable":true,"href":"https:\/\/godivingkohtao.com\/fr\/wp-json\/wp\/v2\/media\/248655"}],"wp:attachment":[{"href":"https:\/\/godivingkohtao.com\/fr\/wp-json\/wp\/v2\/media?parent=248656"}],"curies":[{"name":"wp","href":"https:\/\/api.w.org\/{rel}","templated":true}]}}