{"id":248676,"date":"2025-10-24T22:22:58","date_gmt":"2025-10-24T22:22:58","guid":{"rendered":"https:\/\/godivingkohtao.com\/cours-de-plongee\/advanced-aventurer\/"},"modified":"2025-10-24T22:22:58","modified_gmt":"2025-10-24T22:22:58","slug":"advanced-aventurer","status":"publish","type":"page","link":"https:\/\/godivingkohtao.com\/fr\/cours-de-plongee\/advanced-aventurer\/","title":{"rendered":"Advanced Aventurer"},"content":{"rendered":"","protected":false},"excerpt":{"rendered":"<p>Acqu\u00e9rez de l\u2019exp\u00e9rience au cours de cinq plong\u00e9es th\u00e9matiques d\u2019aventure \u2014 comme la plong\u00e9e profonde, la navigation ou la flottabilit\u00e9 \u2014 tout en explorant les meilleurs sites de Koh Tao et en perfectionnant vos comp\u00e9tences sous-marines.<\/p>\n","protected":false},"author":2,"featured_media":248675,"parent":248673,"menu_order":0,"comment_status":"closed","ping_status":"closed","template":"","meta":{"_acf_changed":false,"footnotes":""},"class_list":["post-248676","page","type-page","status-publish","has-post-thumbnail","hentry"],"acf":[],"_links":{"self":[{"href":"https:\/\/godivingkohtao.com\/fr\/wp-json\/wp\/v2\/pages\/248676","targetHints":{"allow":["GET"]}}],"collection":[{"href":"https:\/\/godivingkohtao.com\/fr\/wp-json\/wp\/v2\/pages"}],"about":[{"href":"https:\/\/godivingkohtao.com\/fr\/wp-json\/wp\/v2\/types\/page"}],"author":[{"embeddable":true,"href":"https:\/\/godivingkohtao.com\/fr\/wp-json\/wp\/v2\/users\/2"}],"replies":[{"embeddable":true,"href":"https:\/\/godivingkohtao.com\/fr\/wp-json\/wp\/v2\/comments?post=248676"}],"version-history":[{"count":0,"href":"https:\/\/godivingkohtao.com\/fr\/wp-json\/wp\/v2\/pages\/248676\/revisions"}],"up":[{"embeddable":true,"href":"https:\/\/godivingkohtao.com\/fr\/wp-json\/wp\/v2\/pages\/248673"}],"wp:featuredmedia":[{"embeddable":true,"href":"https:\/\/godivingkohtao.com\/fr\/wp-json\/wp\/v2\/media\/248675"}],"wp:attachment":[{"href":"https:\/\/godivingkohtao.com\/fr\/wp-json\/wp\/v2\/media?parent=248676"}],"curies":[{"name":"wp","href":"https:\/\/api.w.org\/{rel}","templated":true}]}}