{"id":248691,"date":"2025-10-24T22:23:15","date_gmt":"2025-10-24T22:23:15","guid":{"rendered":"https:\/\/godivingkohtao.com\/cours-de-plongee\/deep-adventure-fun-dive\/"},"modified":"2025-10-24T22:23:15","modified_gmt":"2025-10-24T22:23:15","slug":"deep-adventure-fun-dive","status":"publish","type":"page","link":"https:\/\/godivingkohtao.com\/fr\/cours-de-plongee\/deep-adventure-fun-dive\/","title":{"rendered":"Deep Adventure + Fun Dive"},"content":{"rendered":"","protected":false},"excerpt":{"rendered":"<p>Combinez une plong\u00e9e profonde d\u2019entra\u00eenement avec des plong\u00e9es loisir guid\u00e9es et d\u00e9tendues, pour ajouter une exp\u00e9rience suppl\u00e9mentaire en profondeur sans perdre l\u2019ambiance cool et agr\u00e9able d\u2019une journ\u00e9e en bateau.<\/p>\n","protected":false},"author":2,"featured_media":248690,"parent":248673,"menu_order":0,"comment_status":"closed","ping_status":"closed","template":"","meta":{"_acf_changed":false,"footnotes":""},"class_list":["post-248691","page","type-page","status-publish","has-post-thumbnail","hentry"],"acf":[],"_links":{"self":[{"href":"https:\/\/godivingkohtao.com\/fr\/wp-json\/wp\/v2\/pages\/248691","targetHints":{"allow":["GET"]}}],"collection":[{"href":"https:\/\/godivingkohtao.com\/fr\/wp-json\/wp\/v2\/pages"}],"about":[{"href":"https:\/\/godivingkohtao.com\/fr\/wp-json\/wp\/v2\/types\/page"}],"author":[{"embeddable":true,"href":"https:\/\/godivingkohtao.com\/fr\/wp-json\/wp\/v2\/users\/2"}],"replies":[{"embeddable":true,"href":"https:\/\/godivingkohtao.com\/fr\/wp-json\/wp\/v2\/comments?post=248691"}],"version-history":[{"count":0,"href":"https:\/\/godivingkohtao.com\/fr\/wp-json\/wp\/v2\/pages\/248691\/revisions"}],"up":[{"embeddable":true,"href":"https:\/\/godivingkohtao.com\/fr\/wp-json\/wp\/v2\/pages\/248673"}],"wp:featuredmedia":[{"embeddable":true,"href":"https:\/\/godivingkohtao.com\/fr\/wp-json\/wp\/v2\/media\/248690"}],"wp:attachment":[{"href":"https:\/\/godivingkohtao.com\/fr\/wp-json\/wp\/v2\/media?parent=248691"}],"curies":[{"name":"wp","href":"https:\/\/api.w.org\/{rel}","templated":true}]}}