{"id":248693,"date":"2025-10-24T22:23:34","date_gmt":"2025-10-24T22:23:34","guid":{"rendered":"https:\/\/godivingkohtao.com\/cours-de-plongee\/eau-profonde-epave\/"},"modified":"2025-10-24T22:23:34","modified_gmt":"2025-10-24T22:23:34","slug":"eau-profonde-epave","status":"publish","type":"page","link":"https:\/\/godivingkohtao.com\/fr\/cours-de-plongee\/eau-profonde-epave\/","title":{"rendered":"Eau Profonde + \u00c9pave"},"content":{"rendered":"","protected":false},"excerpt":{"rendered":"<p>Va plus loin avec des plong\u00e9es d&rsquo;entra\u00eenement jusqu&rsquo;\u00e0 30 m\u00e8tres, incluant une \u00e9pave locale palpitante, tout en apprenant \u00e0 planifier et profiter de plong\u00e9es profondes en s\u00e9curit\u00e9.<\/p>\n","protected":false},"author":2,"featured_media":248692,"parent":248673,"menu_order":0,"comment_status":"closed","ping_status":"closed","template":"","meta":{"_acf_changed":false,"footnotes":""},"class_list":["post-248693","page","type-page","status-publish","has-post-thumbnail","hentry"],"acf":[],"_links":{"self":[{"href":"https:\/\/godivingkohtao.com\/fr\/wp-json\/wp\/v2\/pages\/248693","targetHints":{"allow":["GET"]}}],"collection":[{"href":"https:\/\/godivingkohtao.com\/fr\/wp-json\/wp\/v2\/pages"}],"about":[{"href":"https:\/\/godivingkohtao.com\/fr\/wp-json\/wp\/v2\/types\/page"}],"author":[{"embeddable":true,"href":"https:\/\/godivingkohtao.com\/fr\/wp-json\/wp\/v2\/users\/2"}],"replies":[{"embeddable":true,"href":"https:\/\/godivingkohtao.com\/fr\/wp-json\/wp\/v2\/comments?post=248693"}],"version-history":[{"count":0,"href":"https:\/\/godivingkohtao.com\/fr\/wp-json\/wp\/v2\/pages\/248693\/revisions"}],"up":[{"embeddable":true,"href":"https:\/\/godivingkohtao.com\/fr\/wp-json\/wp\/v2\/pages\/248673"}],"wp:featuredmedia":[{"embeddable":true,"href":"https:\/\/godivingkohtao.com\/fr\/wp-json\/wp\/v2\/media\/248692"}],"wp:attachment":[{"href":"https:\/\/godivingkohtao.com\/fr\/wp-json\/wp\/v2\/media?parent=248693"}],"curies":[{"name":"wp","href":"https:\/\/api.w.org\/{rel}","templated":true}]}}