{"id":248698,"date":"2025-10-21T19:37:03","date_gmt":"2025-10-21T19:37:03","guid":{"rendered":"https:\/\/godivingkohtao.com\/cours-de-plongee\/plongee-loisir\/"},"modified":"2025-10-21T19:37:03","modified_gmt":"2025-10-21T19:37:03","slug":"plongee-loisir","status":"publish","type":"page","link":"https:\/\/godivingkohtao.com\/fr\/cours-de-plongee\/plongee-loisir\/","title":{"rendered":"Plong\u00e9e loisir"},"content":{"rendered":"","protected":false},"excerpt":{"rendered":"<p>D\u00e9j\u00e0 certifi\u00e9 ? Rejoins nos petits groupes pour des plong\u00e9es loisir relaxantes sur les r\u00e9cifs et les pitons rocheux de Koh Tao avec des guides exp\u00e9riment\u00e9s choisissant les meilleurs sites. <\/p>\n","protected":false},"author":2,"featured_media":248697,"parent":248673,"menu_order":0,"comment_status":"closed","ping_status":"closed","template":"","meta":{"_acf_changed":false,"footnotes":""},"class_list":["post-248698","page","type-page","status-publish","has-post-thumbnail","hentry"],"acf":[],"_links":{"self":[{"href":"https:\/\/godivingkohtao.com\/fr\/wp-json\/wp\/v2\/pages\/248698","targetHints":{"allow":["GET"]}}],"collection":[{"href":"https:\/\/godivingkohtao.com\/fr\/wp-json\/wp\/v2\/pages"}],"about":[{"href":"https:\/\/godivingkohtao.com\/fr\/wp-json\/wp\/v2\/types\/page"}],"author":[{"embeddable":true,"href":"https:\/\/godivingkohtao.com\/fr\/wp-json\/wp\/v2\/users\/2"}],"replies":[{"embeddable":true,"href":"https:\/\/godivingkohtao.com\/fr\/wp-json\/wp\/v2\/comments?post=248698"}],"version-history":[{"count":0,"href":"https:\/\/godivingkohtao.com\/fr\/wp-json\/wp\/v2\/pages\/248698\/revisions"}],"up":[{"embeddable":true,"href":"https:\/\/godivingkohtao.com\/fr\/wp-json\/wp\/v2\/pages\/248673"}],"wp:featuredmedia":[{"embeddable":true,"href":"https:\/\/godivingkohtao.com\/fr\/wp-json\/wp\/v2\/media\/248697"}],"wp:attachment":[{"href":"https:\/\/godivingkohtao.com\/fr\/wp-json\/wp\/v2\/media?parent=248698"}],"curies":[{"name":"wp","href":"https:\/\/api.w.org\/{rel}","templated":true}]}}