{"id":248700,"date":"2025-10-24T16:54:38","date_gmt":"2025-10-24T16:54:38","guid":{"rendered":"https:\/\/godivingkohtao.com\/cours-de-plongee\/open-water\/"},"modified":"2025-10-24T16:54:38","modified_gmt":"2025-10-24T16:54:38","slug":"open-water","status":"publish","type":"page","link":"https:\/\/godivingkohtao.com\/fr\/cours-de-plongee\/open-water\/","title":{"rendered":"Open Water"},"content":{"rendered":"","protected":false},"excerpt":{"rendered":"<p>Notre certification compl\u00e8te de niveau d\u00e9butant combine une th\u00e9orie simple avec quatre plong\u00e9es en mer, pour que tu finisses confiant, ind\u00e9pendant et pr\u00eat \u00e0 explorer les sites de plong\u00e9e du monde entier.<\/p>\n","protected":false},"author":2,"featured_media":248699,"parent":248673,"menu_order":0,"comment_status":"closed","ping_status":"closed","template":"","meta":{"_acf_changed":false,"footnotes":""},"class_list":["post-248700","page","type-page","status-publish","has-post-thumbnail","hentry"],"acf":[],"_links":{"self":[{"href":"https:\/\/godivingkohtao.com\/fr\/wp-json\/wp\/v2\/pages\/248700","targetHints":{"allow":["GET"]}}],"collection":[{"href":"https:\/\/godivingkohtao.com\/fr\/wp-json\/wp\/v2\/pages"}],"about":[{"href":"https:\/\/godivingkohtao.com\/fr\/wp-json\/wp\/v2\/types\/page"}],"author":[{"embeddable":true,"href":"https:\/\/godivingkohtao.com\/fr\/wp-json\/wp\/v2\/users\/2"}],"replies":[{"embeddable":true,"href":"https:\/\/godivingkohtao.com\/fr\/wp-json\/wp\/v2\/comments?post=248700"}],"version-history":[{"count":0,"href":"https:\/\/godivingkohtao.com\/fr\/wp-json\/wp\/v2\/pages\/248700\/revisions"}],"up":[{"embeddable":true,"href":"https:\/\/godivingkohtao.com\/fr\/wp-json\/wp\/v2\/pages\/248673"}],"wp:featuredmedia":[{"embeddable":true,"href":"https:\/\/godivingkohtao.com\/fr\/wp-json\/wp\/v2\/media\/248699"}],"wp:attachment":[{"href":"https:\/\/godivingkohtao.com\/fr\/wp-json\/wp\/v2\/media?parent=248700"}],"curies":[{"name":"wp","href":"https:\/\/api.w.org\/{rel}","templated":true}]}}