{"id":248723,"date":"2025-10-24T22:25:16","date_gmt":"2025-10-24T22:25:16","guid":{"rendered":"https:\/\/godivingkohtao.com\/cours-de-plongee\/cours-rr-sauvetage\/"},"modified":"2025-10-24T22:25:16","modified_gmt":"2025-10-24T22:25:16","slug":"cours-rr-sauvetage","status":"publish","type":"page","link":"https:\/\/godivingkohtao.com\/fr\/cours-de-plongee\/cours-rr-sauvetage\/","title":{"rendered":"Cours RR &amp; Sauvetage"},"content":{"rendered":"","protected":false},"excerpt":{"rendered":"<p>Apprends \u00e0 pr\u00e9venir et g\u00e9rer les probl\u00e8mes, prendre soin de tes bin\u00f4mes et g\u00e9rer des sc\u00e9narios r\u00e9els pour devenir un plongeur plus confiant et ax\u00e9 sur la s\u00e9curit\u00e9.<\/p>\n","protected":false},"author":2,"featured_media":248685,"parent":248673,"menu_order":0,"comment_status":"closed","ping_status":"closed","template":"","meta":{"_acf_changed":false,"footnotes":""},"class_list":["post-248723","page","type-page","status-publish","has-post-thumbnail","hentry"],"acf":[],"_links":{"self":[{"href":"https:\/\/godivingkohtao.com\/fr\/wp-json\/wp\/v2\/pages\/248723","targetHints":{"allow":["GET"]}}],"collection":[{"href":"https:\/\/godivingkohtao.com\/fr\/wp-json\/wp\/v2\/pages"}],"about":[{"href":"https:\/\/godivingkohtao.com\/fr\/wp-json\/wp\/v2\/types\/page"}],"author":[{"embeddable":true,"href":"https:\/\/godivingkohtao.com\/fr\/wp-json\/wp\/v2\/users\/2"}],"replies":[{"embeddable":true,"href":"https:\/\/godivingkohtao.com\/fr\/wp-json\/wp\/v2\/comments?post=248723"}],"version-history":[{"count":0,"href":"https:\/\/godivingkohtao.com\/fr\/wp-json\/wp\/v2\/pages\/248723\/revisions"}],"up":[{"embeddable":true,"href":"https:\/\/godivingkohtao.com\/fr\/wp-json\/wp\/v2\/pages\/248673"}],"wp:featuredmedia":[{"embeddable":true,"href":"https:\/\/godivingkohtao.com\/fr\/wp-json\/wp\/v2\/media\/248685"}],"wp:attachment":[{"href":"https:\/\/godivingkohtao.com\/fr\/wp-json\/wp\/v2\/media?parent=248723"}],"curies":[{"name":"wp","href":"https:\/\/api.w.org\/{rel}","templated":true}]}}